{"id":3508,"date":"2019-02-06T16:21:38","date_gmt":"2019-02-06T13:21:38","guid":{"rendered":"https:\/\/www.tedbodrum.k12.tr\/?page_id=3508"},"modified":"2021-02-22T09:46:31","modified_gmt":"2021-02-22T06:46:31","slug":"okula-giris-sinavi","status":"publish","type":"page","link":"https:\/\/www.tedbodrum.k12.tr\/en\/okula-giris-sinavi\/","title":{"rendered":"TED Bodrum Koleji Okula Giri\u015f ve Bursluluk S\u0131nav\u0131"},"content":{"rendered":"","protected":false},"excerpt":{"rendered":"","protected":false},"author":6,"featured_media":0,"parent":0,"menu_order":0,"comment_status":"closed","ping_status":"closed","template":"","meta":{"_price":"","_stock":"","_tribe_ticket_header":"","_tribe_default_ticket_provider":"","_ticket_start_date":"","_ticket_end_date":"","_tribe_ticket_show_description":"","_tribe_ticket_show_not_going":false,"_tribe_ticket_use_global_stock":"","_tribe_ticket_global_stock_level":"","_global_stock_mode":"","_global_stock_cap":"","_tribe_rsvp_for_event":"","_tribe_ticket_going_count":"","_tribe_ticket_not_going_count":"","_tribe_tickets_list":"[]","_tribe_ticket_has_attendee_info_fields":false,"footnotes":"","_tec_slr_enabled":"","_tec_slr_layout":""},"class_list":["post-3508","page","type-page","status-publish","hentry"],"ticketed":false,"_links":{"self":[{"href":"https:\/\/www.tedbodrum.k12.tr\/en\/wp-json\/wp\/v2\/pages\/3508","targetHints":{"allow":["GET"]}}],"collection":[{"href":"https:\/\/www.tedbodrum.k12.tr\/en\/wp-json\/wp\/v2\/pages"}],"about":[{"href":"https:\/\/www.tedbodrum.k12.tr\/en\/wp-json\/wp\/v2\/types\/page"}],"author":[{"embeddable":true,"href":"https:\/\/www.tedbodrum.k12.tr\/en\/wp-json\/wp\/v2\/users\/6"}],"replies":[{"embeddable":true,"href":"https:\/\/www.tedbodrum.k12.tr\/en\/wp-json\/wp\/v2\/comments?post=3508"}],"version-history":[{"count":1,"href":"https:\/\/www.tedbodrum.k12.tr\/en\/wp-json\/wp\/v2\/pages\/3508\/revisions"}],"predecessor-version":[{"id":14734,"href":"https:\/\/www.tedbodrum.k12.tr\/en\/wp-json\/wp\/v2\/pages\/3508\/revisions\/14734"}],"wp:attachment":[{"href":"https:\/\/www.tedbodrum.k12.tr\/en\/wp-json\/wp\/v2\/media?parent=3508"}],"curies":[{"name":"wp","href":"https:\/\/api.w.org\/{rel}","templated":true}]}}